{"id":966,"date":"2025-08-10T15:30:58","date_gmt":"2025-08-10T15:30:58","guid":{"rendered":"https:\/\/memarissemachia.com\/services\/"},"modified":"2025-12-09T15:05:38","modified_gmt":"2025-12-09T15:05:38","slug":"services","status":"publish","type":"page","link":"https:\/\/memarissemachia.com\/?page_id=966","title":{"rendered":"Services"},"content":{"rendered":"\n<div class=\"wp-block-uagb-container uagb-block-c3728aa4 alignfull uagb-is-root-container\"><div class=\"uagb-container-inner-blocks-wrap\">\n<div class=\"wp-block-uagb-advanced-heading uagb-block-1a1b3e02\"><h1 class=\"uagb-heading-text\">Services<\/h1><\/div>\n<\/div><\/div>\n\n\n\n<div class=\"wp-block-uagb-container uagb-layout-grid uagb-block-24f17f1b alignfull uagb-is-root-container\"><div class=\"uagb-container-inner-blocks-wrap\">\n<div class=\"wp-block-uagb-advanced-heading uagb-block-0998f39f\"><h2 class=\"uagb-heading-text\">Nous avons tous besoin d&#8217;aide pour r\u00e9aliser ce que nous voulons vraiment.<\/h2><\/div>\n\n\n\n<div class=\"wp-block-uagb-advanced-heading uagb-block-abef50de\"><div class=\"uagb-separator\"><\/div><p class=\"uagb-heading-text\">Des accompagnements pens\u00e9s pour t\u2019aider \u00e0 souffler, te retrouver et avancer avec clart\u00e9. Ici, tu trouveras ce qu\u2019il te faut pour sortir de l\u2019\u00e9puisement et revenir \u00e0 toi. J\u2019ai moi aussi travers\u00e9 cette \u00e9tape, et aujourd\u2019hui, gr\u00e2ce aux cl\u00e9s que j\u2019ai d\u00e9couvertes et int\u00e9gr\u00e9es, je t\u2019accompagne pas \u00e0 pas dans ce voyage int\u00e9rieur qui devient d\u00e9sormais le tien.<\/p><\/div>\n<\/div><\/div>\n\n\n\n<div class=\"wp-block-uagb-container uagb-block-ee9d9a1d alignfull uagb-is-root-container\"><div class=\"uagb-container-inner-blocks-wrap\">\n<div class=\"wp-block-uagb-info-box uagb-block-e853fb61 uagb-infobox__content-wrap  uagb-infobox-icon-above-title uagb-infobox-image-valign-top wp-block-uagb-info-box--has-margin\"><div class=\"uagb-infobox-margin-wrapper\"><div class=\"uagb-ifb-content\"><div class=\"uagb-ifb-image-content\"><img decoding=\"async\" src=\"https:\/\/memarissemachia.com\/wp-content\/uploads\/2025\/08\/Gestion-de-stress-et-burn-out-Coach-Memarisse-Studely.png\" alt=\"gestion de stress et burn out coach memarisse studely\" width=\"\" height=\"0\" loading=\"lazy\" title=\"Services\"><\/div><div class=\"uagb-ifb-title-wrap\"><p class=\"uagb-ifb-title\">\u201cIl y&#8217;a 12 mois, comme ce jour, vous traciez le sourire sur le visage d&#8217;un nombre infini de personnes dont le mien. Aujourd&#8217;hui encore, les gens s&#8217;en souviennent et s&#8217;en r\u00e9jouissent. <br>L&#8217;impact durera \u00e0 jamais M\u00e9marisse.\u201d<\/p><\/div><p class=\"uagb-ifb-desc\">ISMAIL &#8211; DRH STUDELY<\/p><\/div><\/div><\/div>\n<\/div><\/div>\n\n\n\n<div class=\"wp-block-uagb-container uagb-block-cff66670 alignfull uagb-is-root-container\"><div class=\"uagb-container-inner-blocks-wrap\">\n<div class=\"wp-block-uagb-advanced-heading uagb-block-08434f9d\"><h2 class=\"uagb-heading-text\">Comment je peux t&#8217;aider<\/h2><\/div>\n\n\n\n<div class=\"wp-block-uagb-container uagb-layout-grid uagb-block-dc465dd0 alignfull uagb-is-root-container\"><div class=\"uagb-container-inner-blocks-wrap\">\n<div class=\"wp-block-uagb-info-box uagb-block-01540847 uagb-infobox__content-wrap  uagb-infobox-icon-above-title uagb-infobox-image-valign-top\"><div class=\"uagb-ifb-content\"><div class=\"uagb-ifb-title-wrap\"><span class=\"uagb-ifb-title-prefix\">01.<\/span><h4 class=\"uagb-ifb-title\">Retrouver ton \u00e9lan<\/h4><\/div><p class=\"uagb-ifb-desc\">Je t\u2019aide \u00e0 rallumer ta flamme int\u00e9rieure pour avancer avec \u00e9nergie et envie, m\u00eame apr\u00e8s une p\u00e9riode de fatigue ou de doute.<\/p><\/div><\/div>\n\n\n\n<div class=\"wp-block-uagb-info-box uagb-block-3dc64abc uagb-infobox__content-wrap  uagb-infobox-icon-above-title uagb-infobox-image-valign-top\"><div class=\"uagb-ifb-content\"><div class=\"uagb-ifb-title-wrap\"><span class=\"uagb-ifb-title-prefix\">02.<\/span><h4 class=\"uagb-ifb-title\">Clarifier ta vision<\/h4><\/div><p class=\"uagb-ifb-desc\">Ensemble, nous d\u00e9finissons ce que tu veux vraiment pour ta vie et ton avenir, loin du bruit et des injonctions ext\u00e9rieures.<\/p><\/div><\/div>\n\n\n\n<div class=\"wp-block-uagb-info-box uagb-block-e6d2673b uagb-infobox__content-wrap  uagb-infobox-icon-above-title uagb-infobox-image-valign-top\"><div class=\"uagb-ifb-content\"><div class=\"uagb-ifb-title-wrap\"><span class=\"uagb-ifb-title-prefix\">03.<\/span><h4 class=\"uagb-ifb-title\">Poser des actions justes<\/h4><\/div><p class=\"uagb-ifb-desc\">Je t\u2019accompagne \u00e0 b\u00e2tir un plan d\u2019action concret et align\u00e9, pour atteindre tes objectifs sans t\u2019\u00e9puiser.<\/p><\/div><\/div>\n\n\n\n<div class=\"wp-block-uagb-info-box uagb-block-cc3cfb55 uagb-infobox__content-wrap  uagb-infobox-icon-above-title uagb-infobox-image-valign-top\"><div class=\"uagb-ifb-content\"><div class=\"uagb-ifb-title-wrap\"><span class=\"uagb-ifb-title-prefix\">04.<\/span><h4 class=\"uagb-ifb-title\">Prendre les commandes<\/h4><\/div><p class=\"uagb-ifb-desc\">Je t\u2019aide \u00e0 redevenir actrice de ta vie, \u00e0 d\u00e9cider avec assurance et \u00e0 t\u2019affirmer sans culpabilit\u00e9.<\/p><\/div><\/div>\n\n\n\n<div class=\"wp-block-uagb-info-box uagb-block-435c57a0 uagb-infobox__content-wrap  uagb-infobox-icon-above-title uagb-infobox-image-valign-top\"><div class=\"uagb-ifb-content\"><div class=\"uagb-ifb-title-wrap\"><span class=\"uagb-ifb-title-prefix\">05.<\/span><h4 class=\"uagb-ifb-title\">R\u00e9ussir sans t\u2019oublier<\/h4><\/div><p class=\"uagb-ifb-desc\">Je t\u2019accompagne \u00e0 atteindre tes ambitions tout en respectant ton \u00e9quilibre personnel.<\/p><\/div><\/div>\n\n\n\n<div class=\"wp-block-uagb-info-box uagb-block-1920019d uagb-infobox__content-wrap  uagb-infobox-icon-above-title uagb-infobox-image-valign-top\"><div class=\"uagb-ifb-content\"><div class=\"uagb-ifb-title-wrap\"><span class=\"uagb-ifb-title-prefix\">06.<\/span><h4 class=\"uagb-ifb-title\">Te reconnecter \u00e0 toi<\/h4><\/div><p class=\"uagb-ifb-desc\">Je t\u2019aide \u00e0 \u00e9couter tes besoins profonds et \u00e0 rester align\u00e9e avec tes valeurs au quotidien.<br><\/p><\/div><\/div>\n\n\n\n<div class=\"wp-block-uagb-info-box uagb-block-61953103 uagb-infobox__content-wrap  uagb-infobox-icon-above-title uagb-infobox-image-valign-top\"><div class=\"uagb-ifb-content\"><div class=\"uagb-ifb-title-wrap\"><span class=\"uagb-ifb-title-prefix\">07.<\/span><h4 class=\"uagb-ifb-title\">T\u2019\u00e9panouir dans ta carri\u00e8re<\/h4><\/div><p class=\"uagb-ifb-desc\">Je t\u2019accompagne \u00e0 clarifier ta trajectoire pro, \u00e0 faire des choix \u00e9clair\u00e9s et \u00e0 reprendre confiance dans ton parcours.<\/p><\/div><\/div>\n\n\n\n<div class=\"wp-block-uagb-info-box uagb-block-e8c0fa6a uagb-infobox__content-wrap  uagb-infobox-icon-above-title uagb-infobox-image-valign-top\"><div class=\"uagb-ifb-content\"><div class=\"uagb-ifb-title-wrap\"><span class=\"uagb-ifb-title-prefix\">08.<\/span><h4 class=\"uagb-ifb-title\">Cr\u00e9er une vie qui te ressemble<\/h4><\/div><p class=\"uagb-ifb-desc\">Je t\u2019aide \u00e0 construire un quotidien \u00e9quilibr\u00e9, o\u00f9 r\u00e9ussite et bien-\u00eatre cohabitent harmonieusement.<\/p><\/div><\/div>\n<\/div><\/div>\n<\/div><\/div>\n\n\n\n<div class=\"wp-block-uagb-container uagb-block-a797ee9a alignfull uagb-is-root-container\"><div class=\"uagb-container-inner-blocks-wrap\">\n<div class=\"wp-block-uagb-advanced-heading uagb-block-33d85653\"><h2 class=\"uagb-heading-text\">Avance avec Moi<\/h2><\/div>\n\n\n\n<div class=\"wp-block-uagb-container uagb-block-61d934a1\">\n<div class=\"wp-block-uagb-container uagb-block-e1aa8f63\">\n<div class=\"wp-block-uagb-info-box uagb-block-78869882 uagb-infobox__content-wrap  uagb-infobox-icon-above-title uagb-infobox-image-valign-top\"><div class=\"uagb-ifb-content\"><div class=\"uagb-ifb-title-wrap\"><h6 class=\"uagb-ifb-title-prefix\">01<\/h6><h3 class=\"uagb-ifb-title\">Coaching One-on-one <\/h3><\/div><p class=\"uagb-ifb-desc\">Un accompagnement individuel et personnalis\u00e9, rien que pour toi, pour avancer \u00e0 ton rythme et selon tes besoins profonds.<\/p><\/div><\/div>\n\n\n\n<div class=\"wp-block-buttons is-layout-flex wp-block-buttons-is-layout-flex\">\n<div class=\"wp-block-button has-custom-width wp-block-button__width-100 is-style-fill\"><a class=\"wp-block-button__link has-small-font-size has-custom-font-size wp-element-button\" href=\"https:\/\/wa.me\/+237682432592\" style=\"padding-top:10px;padding-right:var(--wp--preset--spacing--20);padding-bottom:10px;padding-left:var(--wp--preset--spacing--20)\">Je commence maintenant<\/a><\/div>\n<\/div>\n<\/div>\n\n\n\n<div class=\"wp-block-uagb-container uagb-block-f2fd69e0\">\n<div class=\"wp-block-uagb-info-box uagb-block-527dfcd9 uagb-infobox__content-wrap  uagb-infobox-icon-above-title uagb-infobox-image-valign-top\"><div class=\"uagb-ifb-content\"><div class=\"uagb-ifb-title-wrap\"><h6 class=\"uagb-ifb-title-prefix\">02<\/h6><h3 class=\"uagb-ifb-title\">Coaching de Groupe<\/h3><\/div><p class=\"uagb-ifb-desc\">Un espace collectif bienveillant o\u00f9 tu partages, \u00e9changes et avances aux c\u00f4t\u00e9s d\u2019autres qui traversent les m\u00eames d\u00e9fis que toi.<\/p><\/div><\/div>\n\n\n\n<div class=\"wp-block-buttons is-layout-flex wp-block-buttons-is-layout-flex\">\n<div class=\"wp-block-button has-custom-width wp-block-button__width-100 is-style-fill\"><a class=\"wp-block-button__link has-small-font-size has-custom-font-size wp-element-button\" href=\"https:\/\/memarissemachia.com\/coaching-de-groupe\/\" style=\"padding-top:10px;padding-right:var(--wp--preset--spacing--20);padding-bottom:10px;padding-left:var(--wp--preset--spacing--20)\" rel=\"https:\/\/memarissemachia.com\/coaching-de-groupe\/\">Je commence maintenant<\/a><\/div>\n<\/div>\n<\/div>\n\n\n\n<div class=\"wp-block-uagb-container uagb-block-d2ad6fe3\">\n<div class=\"wp-block-uagb-info-box uagb-block-b13992ef uagb-infobox__content-wrap  uagb-infobox-icon-above-title uagb-infobox-image-valign-top\"><div class=\"uagb-ifb-content\"><div class=\"uagb-ifb-title-wrap\"><h6 class=\"uagb-ifb-title-prefix\">03<\/h6><h3 class=\"uagb-ifb-title\">Auto-Coaching (Autonomie)<\/h3><\/div><p class=\"uagb-ifb-desc\">Des outils pratiques et guid\u00e9s pour t\u2019aider \u00e0 progresser en autonomie, quand tu veux et \u00e0 ton propre rythme.<\/p><\/div><\/div>\n\n\n\n<div class=\"wp-block-buttons is-layout-flex wp-block-buttons-is-layout-flex\">\n<div class=\"wp-block-button is-style-fill\"><a class=\"wp-block-button__link has-small-font-size has-custom-font-size wp-element-button\" href=\"https:\/\/memarissemachia.com\/auto-coaching\/\" style=\"padding-top:10px;padding-right:var(--wp--preset--spacing--20);padding-bottom:10px;padding-left:var(--wp--preset--spacing--20)\" rel=\"https:\/\/memarissemachia.com\/auto-coaching\/\">Je commence maintenant<\/a><\/div>\n<\/div>\n<\/div>\n\n\n\n<div class=\"wp-block-uagb-container uagb-block-5c3ff853\">\n<div class=\"wp-block-uagb-info-box uagb-block-e7520c33 uagb-infobox__content-wrap  uagb-infobox-icon-above-title uagb-infobox-image-valign-top\"><div class=\"uagb-ifb-content\"><div class=\"uagb-ifb-title-wrap\"><h6 class=\"uagb-ifb-title-prefix\">04<\/h6><h3 class=\"uagb-ifb-title\">Ateliers et S\u00e9minaires<\/h3><\/div><p class=\"uagb-ifb-desc\">Des rencontres vivantes et interactives pour exp\u00e9rimenter, apprendre et repartir avec des cl\u00e9s concr\u00e8tes \u00e0 appliquer.<\/p><\/div><\/div>\n\n\n\n<div class=\"wp-block-buttons is-layout-flex wp-block-buttons-is-layout-flex\">\n<div class=\"wp-block-button has-custom-width wp-block-button__width-100 is-style-fill\"><a class=\"wp-block-button__link has-small-font-size has-custom-font-size wp-element-button\" href=\"https:\/\/wa.me\/+237682432592\" style=\"padding-top:10px;padding-right:var(--wp--preset--spacing--20);padding-bottom:10px;padding-left:var(--wp--preset--spacing--20)\">Je commence maintenant<\/a><\/div>\n<\/div>\n<\/div>\n<\/div>\n<\/div><\/div>\n\n\n\n<div class=\"wp-block-uagb-container uagb-block-c3d4f534 alignfull uagb-is-root-container\"><div class=\"uagb-container-inner-blocks-wrap\">\n<div class=\"wp-block-uagb-info-box uagb-block-7e5a439f uagb-infobox__content-wrap  uagb-infobox-icon-above-title uagb-infobox-image-valign-top\"><div class=\"uagb-ifb-content\"><div class=\"uagb-ifb-title-wrap\"><h6 class=\"uagb-ifb-title-prefix\">T\u00e9moignages<\/h6><h2 class=\"uagb-ifb-title\">Ce que disent mes coach\u00e9s<\/h2><\/div><\/div><\/div>\n\n\n\n<div class=\"wp-block-uagb-container uagb-layout-grid uagb-block-32dc6ee7\">\n<div class=\"wp-block-uagb-testimonial uagb-slick-carousel uagb-tm__arrow-outside uagb-block-947916d5 uagb-post__carousel_notset uagb-post__carousel_notset-tablet uagb-post__carousel_notset-mobile\"><div class=\"is-carousel uagb-tm__columns-1 uagb-tm__items\"><div class=\"uagb-testimonial__wrap  uagb-tm__imgicon-style-circle uagb-tm__image-position-left uagb-tm__image-aligned-top uagb-tm__bg-type-color \"><div class=\"uagb-tm__content\"><div class=\"uagb-tm__overlay\"><\/div><div class=\"uagb-tm__image-content\"><div class=\"uagb-tm__image\"><img loading=\"lazy\" decoding=\"async\" class=\"uagb-tm-img-src\" src=\"https:\/\/memarissemachia.com\/wp-content\/uploads\/2025\/11\/Image-temoignage-de-groupe-Coach-Memarisse-2.png\" alt=\"image te\u0301moignage de groupe coach me\u0301marisse (2)\" width=\"70\" height=\"70\" loading=\"lazy\" title=\"Services\"><\/div><\/div><div class=\"uagb-tm__text-wrap\"><div class=\"uagb-tm__desc\">\u201cLe prix du coaching m\u2019avait fait penser que le programme serait superficiel, pourtant j\u2019ai d\u00e9couvert un contenu riche, structur\u00e9 et d\u2019une grande qualit\u00e9. <br>L\u2019humanisme, la disponibilit\u00e9 et la valeur apport\u00e9e par Coach M\u00e9marisse m\u2019ont profond\u00e9ment impressionn\u00e9e. <br>Chaque session de Mastermind m\u2019enrichit gr\u00e2ce \u00e0 son accompagnement et au soutien constant de la communaut\u00e9.\u201d<\/div><div class=\"uagb-tm__meta-inner\"><div class=\"uagb-testimonial-details\"><span class=\"uagb-tm__author-name\">GAM DERA Kadidia<\/span><span class=\"uagb-tm__company\">Consultante Independante<br><br>Burkina Faso<\/span><\/div><\/div><\/div><\/div><\/div><\/div><\/div>\n\n\n\n<div class=\"wp-block-uagb-testimonial uagb-slick-carousel uagb-tm__arrow-outside uagb-block-164d6b06 uagb-post__carousel_notset uagb-post__carousel_notset-tablet uagb-post__carousel_notset-mobile\"><div class=\"is-carousel uagb-tm__columns-1 uagb-tm__items\"><div class=\"uagb-testimonial__wrap  uagb-tm__imgicon-style-circle uagb-tm__image-position-left uagb-tm__image-aligned-top uagb-tm__bg-type-color \"><div class=\"uagb-tm__content\"><div class=\"uagb-tm__overlay\"><\/div><div class=\"uagb-tm__image-content\"><div class=\"uagb-tm__image\"><img loading=\"lazy\" decoding=\"async\" class=\"uagb-tm-img-src\" src=\"https:\/\/memarissemachia.com\/wp-content\/uploads\/2025\/11\/Image-temoignage-de-groupe-Coach-Memarisse.png\" alt=\"image te\u0301moignage de groupe coach me\u0301marisse\" width=\"70\" height=\"70\" loading=\"lazy\" title=\"Services\"><\/div><\/div><div class=\"uagb-tm__text-wrap\"><div class=\"uagb-tm__desc\">\u201cJ\u2019ai d\u00e9couvert la Coach M\u00e9marisse via son challenge Z\u00e9nitude, ce qui m\u2019a pouss\u00e9e \u00e0 rejoindre son coaching au rapport qualit\u00e9 prix tr\u00e8s accessible. Depuis, les changements sont visibles sur les plans physique, moral et spirituel, au point o\u00f9 je me sens r\u00e9ellement transform\u00e9e et plus \u00e9panouie. \u00c0 mi-parcours, je contr\u00f4le mieux mes \u00e9motions et mon organisation, je prends soin de moi et je progresse chaque jour vers une vie plus confiante et \u00e9quilibr\u00e9e.<\/div><div class=\"uagb-tm__meta-inner\"><div class=\"uagb-testimonial-details\"><span class=\"uagb-tm__author-name\">Ma\u00efmouna Zongo<\/span><span class=\"uagb-tm__company\">\u00c9tudiante en Master <br><br>Burkina Faso<\/span><\/div><\/div><\/div><\/div><\/div><\/div><\/div>\n\n\n\n<div class=\"wp-block-uagb-testimonial uagb-slick-carousel uagb-tm__arrow-outside uagb-block-f4dceaf6 uagb-post__carousel_notset uagb-post__carousel_notset-tablet uagb-post__carousel_notset-mobile\"><div class=\"is-carousel uagb-tm__columns-1 uagb-tm__items\"><div class=\"uagb-testimonial__wrap  uagb-tm__imgicon-style-circle uagb-tm__image-position-left uagb-tm__image-aligned-top uagb-tm__bg-type-color \"><div class=\"uagb-tm__content\"><div class=\"uagb-tm__overlay\"><\/div><div class=\"uagb-tm__image-content\"><div class=\"uagb-tm__image\"><img loading=\"lazy\" decoding=\"async\" class=\"uagb-tm-img-src\" src=\"https:\/\/memarissemachia.com\/wp-content\/uploads\/2025\/11\/Image-temoignage-de-groupe-Coach-Memarisse-1-150x150.png\" alt=\"image te\u0301moignage de groupe coach me\u0301marisse (1)\" width=\"70\" height=\"70\" loading=\"lazy\" title=\"Services\"><\/div><\/div><div class=\"uagb-tm__text-wrap\"><div class=\"uagb-tm__desc\">&#8220;Ce d\u00e9clic et cette strat\u00e9gie qu&#8217;il me fallait pour d\u00e9coller tant sur le plan personnel que professionnel m&#8217;ont \u00e9t\u00e9 livr\u00e9s sur un plateau d&#8217;or par Coach M\u00e9marisse. Elle a le chic de lever les freins et faire passer \u00e0 un niveau sup\u00e9rieur. Gr\u00e2ce \u00e0 ce coaching, j&#8217;ai os\u00e9 red\u00e9marr\u00e9 avec plus de confiance en moi, ce que je redoutais avant. <br>Aujourd&#8217;hui, je me sens progressivement \u00e9panouie et plus s\u00fbre de moi. Mes relations avec mon entourage se sont \u00e9galement bonifi\u00e9es et le plus important, j&#8217;ai appris \u00e0 me donner la premi\u00e8re place.&#8221;<\/div><div class=\"uagb-tm__meta-inner\"><div class=\"uagb-testimonial-details\"><span class=\"uagb-tm__author-name\">Nomena<\/span><span class=\"uagb-tm__company\">Salari\u00e9e &amp; Promotrice de produits naturels <br><br>\u00cele\u00a0de\u00a0la\u00a0R\u00e9union<\/span><\/div><\/div><\/div><\/div><\/div><\/div><\/div>\n\n\n\n<div class=\"wp-block-uagb-testimonial uagb-slick-carousel uagb-tm__arrow-outside uagb-block-4d756136 uagb-post__carousel_notset uagb-post__carousel_notset-tablet uagb-post__carousel_notset-mobile\"><div class=\"is-carousel uagb-tm__columns-1 uagb-tm__items\"><div class=\"uagb-testimonial__wrap  uagb-tm__imgicon-style-circle uagb-tm__image-position-left uagb-tm__image-aligned-top uagb-tm__bg-type-color \"><div class=\"uagb-tm__content\"><div class=\"uagb-tm__overlay\"><\/div><div class=\"uagb-tm__image-content\"><div class=\"uagb-tm__image\"><img loading=\"lazy\" decoding=\"async\" class=\"uagb-tm-img-src\" src=\"https:\/\/memarissemachia.com\/wp-content\/uploads\/2025\/11\/Image-temoignage-de-groupe-Coach-Memarisse-3-150x150.png\" alt=\"image te\u0301moignage de groupe coach me\u0301marisse (3)\" width=\"70\" height=\"70\" loading=\"lazy\" title=\"Services\"><\/div><\/div><div class=\"uagb-tm__text-wrap\"><div class=\"uagb-tm__desc\">&#8220;Ce coaching m\u2019a permis de d\u00e9couvrir une professionnelle engag\u00e9e, g\u00e9n\u00e9reuse et d\u2019une grande valeur, dont l\u2019accompagnement d\u00e9passe largement l\u2019investissement demand\u00e9. Malgr\u00e9 mon rythme personnel, j\u2019observe une am\u00e9lioration claire dans plusieurs aspects de ma vie. Sa voix apaisante dans les podcasts m\u2019aide \u00e0 trouver calme et sommeil, et je souhaite \u00e0 chacun de vivre cette z\u00e9nitude. Ce programme m\u2019apporte exactement le soutien dont j\u2019avais besoin en ce moment. Il me donne un v\u00e9ritable sentiment d\u2019avancer vers plus de paix et d\u2019\u00e9quilibre.&#8221;<\/div><div class=\"uagb-tm__meta-inner\"><div class=\"uagb-testimonial-details\"><span class=\"uagb-tm__author-name\">Samia zENOU<\/span><span class=\"uagb-tm__company\">Sous-Directeur Audit &amp; Certifications<br><br>Alg\u00e9rie<\/span><\/div><\/div><\/div><\/div><\/div><\/div><\/div>\n<\/div>\n<\/div><\/div>\n\n\n\n<div class=\"wp-block-uagb-container uagb-block-dbc4d996 alignfull uagb-is-root-container\"><div class=\"uagb-container-inner-blocks-wrap\">\n<div class=\"wp-block-uagb-info-box uagb-block-65dd95c9 uagb-infobox__content-wrap  uagb-infobox-icon-above-title uagb-infobox-image-valign-top\"><div class=\"uagb-ifb-content\"><div class=\"uagb-ifb-title-wrap\"><h2 class=\"uagb-ifb-title\">Parce que tu es unique, <br>ton accompagnement doit l\u2019\u00eatre aussi.<\/h2><\/div><p class=\"uagb-ifb-desc\">Tu trouves ici un espace confidentiel et bienveillant pour parler de tes besoins, clarifier ta situation et poser les premi\u00e8res cl\u00e9s de ton changement. R\u00e9serve ton appel priv\u00e9 et faisons ce premier pas ensemble.<\/p><\/div><\/div>\n\n\n\n<div class=\"wp-block-buttons is-content-justification-center is-layout-flex wp-container-core-buttons-is-layout-a89b3969 wp-block-buttons-is-layout-flex\">\n<div class=\"wp-block-button\"><a class=\"wp-block-button__link has-ast-global-color-2-color has-ast-global-color-1-background-color has-text-color has-background has-link-color wp-element-button\" href=\"https:\/\/wa.me\/+237682432592\" style=\"padding-top:var(--wp--preset--spacing--40);padding-right:var(--wp--preset--spacing--50);padding-bottom:var(--wp--preset--spacing--40);padding-left:var(--wp--preset--spacing--50)\">Je m\u2019accorde cet espace pr\u00e9cieux<\/a><\/div>\n<\/div>\n<\/div><\/div>\n","protected":false},"excerpt":{"rendered":"<p>Services Nous avons tous besoin d&#8217;aide pour r\u00e9aliser ce que nous voulons vraiment. Des accompagnements pens\u00e9s pour t\u2019aider \u00e0 souffler, te retrouver et avancer avec clart\u00e9. Ici, tu trouveras ce qu\u2019il te faut pour sortir de l\u2019\u00e9puisement et revenir \u00e0 toi. J\u2019ai moi aussi travers\u00e9 cette \u00e9tape, et aujourd\u2019hui, gr\u00e2ce aux cl\u00e9s que j\u2019ai d\u00e9couvertes [&hellip;]<\/p>\n","protected":false},"author":1,"featured_media":0,"parent":0,"menu_order":0,"comment_status":"closed","ping_status":"closed","template":"","meta":{"_uag_custom_page_level_css":"","site-sidebar-layout":"no-sidebar","site-content-layout":"page-builder","ast-site-content-layout":"full-width-container","site-content-style":"unboxed","site-sidebar-style":"unboxed","ast-global-header-display":"","ast-banner-title-visibility":"","ast-main-header-display":"","ast-hfb-above-header-display":"","ast-hfb-below-header-display":"","ast-hfb-mobile-header-display":"","site-post-title":"disabled","ast-breadcrumbs-content":"disabled","ast-featured-img":"disabled","footer-sml-layout":"","ast-disable-related-posts":"","theme-transparent-header-meta":"enabled","adv-header-id-meta":"","stick-header-meta":"","header-above-stick-meta":"","header-main-stick-meta":"","header-below-stick-meta":"","astra-migrate-meta-layouts":"set","ast-page-background-enabled":"default","ast-page-background-meta":{"desktop":{"background-color":"","background-image":"","background-repeat":"repeat","background-position":"center center","background-size":"auto","background-attachment":"scroll","background-type":"","background-media":"","overlay-type":"","overlay-color":"","overlay-opacity":"","overlay-gradient":""},"tablet":{"background-color":"","background-image":"","background-repeat":"repeat","background-position":"center center","background-size":"auto","background-attachment":"scroll","background-type":"","background-media":"","overlay-type":"","overlay-color":"","overlay-opacity":"","overlay-gradient":""},"mobile":{"background-color":"","background-image":"","background-repeat":"repeat","background-position":"center center","background-size":"auto","background-attachment":"scroll","background-type":"","background-media":"","overlay-type":"","overlay-color":"","overlay-opacity":"","overlay-gradient":""}},"ast-content-background-meta":{"desktop":{"background-color":"var(--ast-global-color-5)","background-image":"","background-repeat":"repeat","background-position":"center center","background-size":"auto","background-attachment":"scroll","background-type":"","background-media":"","overlay-type":"","overlay-color":"","overlay-opacity":"","overlay-gradient":""},"tablet":{"background-color":"var(--ast-global-color-5)","background-image":"","background-repeat":"repeat","background-position":"center center","background-size":"auto","background-attachment":"scroll","background-type":"","background-media":"","overlay-type":"","overlay-color":"","overlay-opacity":"","overlay-gradient":""},"mobile":{"background-color":"var(--ast-global-color-5)","background-image":"","background-repeat":"repeat","background-position":"center center","background-size":"auto","background-attachment":"scroll","background-type":"","background-media":"","overlay-type":"","overlay-color":"","overlay-opacity":"","overlay-gradient":""}},"footnotes":""},"class_list":["post-966","page","type-page","status-publish","hentry"],"aioseo_notices":[],"_hostinger_reach_plugin_has_subscription_block":false,"_hostinger_reach_plugin_is_elementor":false,"uagb_featured_image_src":{"full":false,"thumbnail":false,"medium":false,"medium_large":false,"large":false,"1536x1536":false,"2048x2048":false},"uagb_author_info":{"display_name":"mymbasarl@gmail.com","author_link":"https:\/\/memarissemachia.com\/?author=1"},"uagb_comment_info":0,"uagb_excerpt":"Services Nous avons tous besoin d&#8217;aide pour r\u00e9aliser ce que nous voulons vraiment. Des accompagnements pens\u00e9s pour t\u2019aider \u00e0 souffler, te retrouver et avancer avec clart\u00e9. Ici, tu trouveras ce qu\u2019il te faut pour sortir de l\u2019\u00e9puisement et revenir \u00e0 toi. J\u2019ai moi aussi travers\u00e9 cette \u00e9tape, et aujourd\u2019hui, gr\u00e2ce aux cl\u00e9s que j\u2019ai d\u00e9couvertes&hellip;","_links":{"self":[{"href":"https:\/\/memarissemachia.com\/index.php?rest_route=\/wp\/v2\/pages\/966","targetHints":{"allow":["GET"]}}],"collection":[{"href":"https:\/\/memarissemachia.com\/index.php?rest_route=\/wp\/v2\/pages"}],"about":[{"href":"https:\/\/memarissemachia.com\/index.php?rest_route=\/wp\/v2\/types\/page"}],"author":[{"embeddable":true,"href":"https:\/\/memarissemachia.com\/index.php?rest_route=\/wp\/v2\/users\/1"}],"replies":[{"embeddable":true,"href":"https:\/\/memarissemachia.com\/index.php?rest_route=%2Fwp%2Fv2%2Fcomments&post=966"}],"version-history":[{"count":22,"href":"https:\/\/memarissemachia.com\/index.php?rest_route=\/wp\/v2\/pages\/966\/revisions"}],"predecessor-version":[{"id":2947,"href":"https:\/\/memarissemachia.com\/index.php?rest_route=\/wp\/v2\/pages\/966\/revisions\/2947"}],"wp:attachment":[{"href":"https:\/\/memarissemachia.com\/index.php?rest_route=%2Fwp%2Fv2%2Fmedia&parent=966"}],"curies":[{"name":"wp","href":"https:\/\/api.w.org\/{rel}","templated":true}]}}